{"id":376,"date":"2024-09-07T22:00:28","date_gmt":"2024-09-07T20:00:28","guid":{"rendered":"https:\/\/spsujtas.hu\/?page_id=376"},"modified":"2024-09-07T22:28:52","modified_gmt":"2024-09-07T20:28:52","slug":"ami-meg-fontos-lehet","status":"publish","type":"page","link":"https:\/\/spsujtas.hu\/en\/ami-meg-fontos-lehet\/","title":{"rendered":"Ami m\u00e9g fontos lehet"},"content":{"rendered":"<h2 class=\"wp-block-heading\">Hogyan k\u00e9sz\u00fclnek az \u00e9kszerek?<\/h2>\n\n\n\n<p>Minden darab nagy odafigyel\u00e9ssel \u00e9s szeretettel k\u00e9sz\u00fcl, kezdve a tervez\u00e9st\u0151l, eg\u00e9szen a k\u00e9sz \u00e9kszercsomagol\u00e1sig. Ahogy a tervez\u00e9s, \u00fagy a varr\u00e1s is hosszas folyamat, egy-egy darab ak\u00e1r 15-20 \u00f3ra varr\u00e1ssal k\u00e9sz\u00fcl el. <\/p>\n\n\n\n<p>A tervez\u00e9s sor\u00e1n mindig egyedileg k\u00e9sz\u00edtem az \u00e9kszereket, a megrendel\u0151 k\u00e9r\u00e9seihez igazodva, ez\u00e9rt a megrendelt darab \u00e1r\u00e1t sokszor csak a megrajzolt \u00e9kszer, \u00e9s a megbesz\u00e9lt krist\u00e1lyok, \u00e1sv\u00e1nyok ut\u00e1n tudom meghat\u00e1rozni. Ha a megrajzolt \u00e9kszer elnyerte a tetsz\u00e9st, k\u00f6vetkezik a varr\u00e1s. Ahogy m\u00e1sok sem, \u00e9n sem egy \u00fclt\u00f6mben varrom meg az \u00e9kszert, mert akkor m\u00e1ra m\u00e1r sem a kezem, sem a szemem nem b\u00edrn\u00e1 a terhel\u00e9st. T\u00f6bb napon \u00e1t k\u00e9sz\u00fclnek a darabok, att\u00f3l f\u00fcgg\u0151en, mennyire \u00f6sszetett a megrendelt \u00e9kszer. Ami biztos, egy fazonb\u00f3l minden esetben csak EGY darab k\u00e9sz\u00fcl, NINCS k\u00e9t egyforma SPS \u00e9kszer. K\u00e9rlek, miel\u0151tt rendelsz, ezt tartsd szem el\u0151tt. Ha nagyon s\u00fcrg\u0151s, mindig \u00e9rdekl\u0151dj a k\u00e9szleten l\u00e9v\u0151 darabokr\u00f3l, lehet ott b\u00fajik meg a TE \u00c9kszered.<\/p>\n\n\n\n<h2 class=\"wp-block-heading\">Ha elk\u00e9sz\u00fclt az \u00e9kszer, mire figyelj?<\/h2>\n\n\n\n<ul class=\"wp-block-list\">\n<li>ne essen le kem\u00e9ny fel\u00fcletre az \u00e9kszer, mert az elk\u00e9sz\u00edt\u00e9s jellegzetess\u00e9ge miatt az \u00e9kszerek megrepedhetnek, elpattanhatnak, elt\u00f6rhetnek, s\u00e9r\u00fclhetnek;<\/li>\n\n\n\n<li>ne \u00fct\u0151dj\u00f6n neki kem\u00e9ny f\u00e9m-, beton- \u00e9s egy\u00e9b t\u00e1rgyaknak<\/li>\n\n\n\n<li>ne \u00e9rje parf\u00fcm, test- \u00e9s k\u00e9z\u00e1pol\u00f3 kr\u00e9m, vegyszer, mert k\u00e1ros\u00edthatja az \u00e9kszer \u00e9s zs\u00edn\u00f3rok fel\u00fclet\u00e9t;<\/li>\n\n\n\n<li>ne viseld k\u00f6r\u00f6m lakkoz\u00e1s \u00e9s\/vagy k\u00f6r\u00f6mlakklemos\u00f3 haszn\u00e1lata k\u00f6zben<\/li>\n\n\n\n<li>\u00e1pol\u00e1s\u00e1ra, tiszt\u00edt\u00e1s\u00e1ra puha, mikrosz\u00e1las kend\u0151t haszn\u00e1lj, mellyel \u00f3vatos t\u00f6rl\u0151 mozdulatokkal tiszt\u00edthat\u00f3 az \u00e9kszer. Vigy\u00e1zni kell, hogy tiszt\u00edt\u00e1s k\u00f6zben ne d\u00f6rzs\u00f6ld meg az \u00e9kszert, mert az k\u00e1rt tehet benne. Tiszt\u00edt\u00e1shoz vegyszer haszn\u00e1lata tilos;<\/li>\n\n\n\n<li>ritk\u00e1n, de az izzads\u00e1g is k\u00e1ros\u00edthatja, elsz\u00ednezheti, foltoss\u00e1 teheti az \u00e9kszereket (ez\u00e9rt izzad\u00e1ssal j\u00e1r\u00f3 tev\u00e9kenys\u00e9g, vagy izzad\u00e1s eset\u00e9n is javaslom, hogy vedd le az \u00e9kszert).<\/li>\n<\/ul>\n\n\n\n<p><\/p>","protected":false},"excerpt":{"rendered":"<p>Hogyan k\u00e9sz\u00fclnek az \u00e9kszerek? Minden darab nagy odafigyel\u00e9ssel \u00e9s szeretettel k\u00e9sz\u00fcl, kezdve a tervez\u00e9st\u0151l, eg\u00e9szen a k\u00e9sz \u00e9kszercsomagol\u00e1sig. Ahogy a tervez\u00e9s, \u00fagy a varr\u00e1s is hosszas folyamat, egy-egy darab ak\u00e1r 15-20 \u00f3ra varr\u00e1ssal k\u00e9sz\u00fcl el. A tervez\u00e9s sor\u00e1n mindig egyedileg k\u00e9sz\u00edtem az \u00e9kszereket, a megrendel\u0151 k\u00e9r\u00e9seihez igazodva, ez\u00e9rt a megrendelt darab \u00e1r\u00e1t sokszor csak a&#8230;<\/p>","protected":false},"author":2,"featured_media":0,"parent":0,"menu_order":0,"comment_status":"closed","ping_status":"closed","template":"","meta":{"_kad_post_transparent":"","_kad_post_title":"","_kad_post_layout":"","_kad_post_sidebar_id":"","_kad_post_content_style":"","_kad_post_vertical_padding":"","_kad_post_feature":"","_kad_post_feature_position":"","_kad_post_header":false,"_kad_post_footer":false,"footnotes":""},"class_list":["post-376","page","type-page","status-publish","hentry"],"_links":{"self":[{"href":"https:\/\/spsujtas.hu\/en\/wp-json\/wp\/v2\/pages\/376","targetHints":{"allow":["GET"]}}],"collection":[{"href":"https:\/\/spsujtas.hu\/en\/wp-json\/wp\/v2\/pages"}],"about":[{"href":"https:\/\/spsujtas.hu\/en\/wp-json\/wp\/v2\/types\/page"}],"author":[{"embeddable":true,"href":"https:\/\/spsujtas.hu\/en\/wp-json\/wp\/v2\/users\/2"}],"replies":[{"embeddable":true,"href":"https:\/\/spsujtas.hu\/en\/wp-json\/wp\/v2\/comments?post=376"}],"version-history":[{"count":2,"href":"https:\/\/spsujtas.hu\/en\/wp-json\/wp\/v2\/pages\/376\/revisions"}],"predecessor-version":[{"id":392,"href":"https:\/\/spsujtas.hu\/en\/wp-json\/wp\/v2\/pages\/376\/revisions\/392"}],"wp:attachment":[{"href":"https:\/\/spsujtas.hu\/en\/wp-json\/wp\/v2\/media?parent=376"}],"curies":[{"name":"wp","href":"https:\/\/api.w.org\/{rel}","templated":true}]}}