{"id":22,"date":"2024-01-26T21:17:56","date_gmt":"2024-01-26T20:17:56","guid":{"rendered":"https:\/\/spsujtas.hu\/?page_id=22"},"modified":"2024-09-07T22:14:16","modified_gmt":"2024-09-07T20:14:16","slug":"munkaim","status":"publish","type":"page","link":"https:\/\/spsujtas.hu\/en\/munkaim\/","title":{"rendered":"Portfolio"},"content":{"rendered":"<h2 class=\"wp-block-heading\">Mindennapokra<\/h2>\n\n\n\n<figure class=\"wp-block-gallery has-nested-images columns-default is-cropped wp-block-gallery-1 is-layout-flex wp-block-gallery-is-layout-flex\">\n<figure class=\"wp-block-image size-large\"><img loading=\"lazy\" decoding=\"async\" width=\"1024\" height=\"946\" data-id=\"346\" src=\"https:\/\/spsujtas.hu\/wp-content\/uploads\/2024\/09\/spsujtas_nyari_varazs-1024x946.jpeg\" alt=\"\" class=\"wp-image-346\" srcset=\"https:\/\/spsujtas.hu\/wp-content\/uploads\/2024\/09\/spsujtas_nyari_varazs-1024x946.jpeg 1024w, https:\/\/spsujtas.hu\/wp-content\/uploads\/2024\/09\/spsujtas_nyari_varazs-300x277.jpeg 300w, https:\/\/spsujtas.hu\/wp-content\/uploads\/2024\/09\/spsujtas_nyari_varazs-768x710.jpeg 768w, https:\/\/spsujtas.hu\/wp-content\/uploads\/2024\/09\/spsujtas_nyari_varazs-1536x1419.jpeg 1536w, https:\/\/spsujtas.hu\/wp-content\/uploads\/2024\/09\/spsujtas_nyari_varazs-2048x1892.jpeg 2048w, https:\/\/spsujtas.hu\/wp-content\/uploads\/2024\/09\/spsujtas_nyari_varazs-13x12.jpeg 13w\" sizes=\"auto, (max-width: 1024px) 100vw, 1024px\" \/><\/figure>\n\n\n\n<figure class=\"wp-block-image size-large\"><img loading=\"lazy\" decoding=\"async\" width=\"1024\" height=\"1024\" data-id=\"341\" src=\"https:\/\/spsujtas.hu\/wp-content\/uploads\/2024\/09\/spsujtas_moha-1024x1024.jpeg\" alt=\"\" class=\"wp-image-341\" srcset=\"https:\/\/spsujtas.hu\/wp-content\/uploads\/2024\/09\/spsujtas_moha-1024x1024.jpeg 1024w, https:\/\/spsujtas.hu\/wp-content\/uploads\/2024\/09\/spsujtas_moha-300x300.jpeg 300w, https:\/\/spsujtas.hu\/wp-content\/uploads\/2024\/09\/spsujtas_moha-150x150.jpeg 150w, https:\/\/spsujtas.hu\/wp-content\/uploads\/2024\/09\/spsujtas_moha-768x768.jpeg 768w, https:\/\/spsujtas.hu\/wp-content\/uploads\/2024\/09\/spsujtas_moha-1536x1536.jpeg 1536w, https:\/\/spsujtas.hu\/wp-content\/uploads\/2024\/09\/spsujtas_moha-2048x2048.jpeg 2048w, https:\/\/spsujtas.hu\/wp-content\/uploads\/2024\/09\/spsujtas_moha-12x12.jpeg 12w\" sizes=\"auto, (max-width: 1024px) 100vw, 1024px\" \/><\/figure>\n\n\n\n<figure class=\"wp-block-image size-large\"><img loading=\"lazy\" decoding=\"async\" width=\"807\" height=\"1024\" data-id=\"320\" src=\"https:\/\/spsujtas.hu\/wp-content\/uploads\/2024\/09\/spsujtas_malyvavirag_szett-807x1024.jpeg\" alt=\"\" class=\"wp-image-320\" srcset=\"https:\/\/spsujtas.hu\/wp-content\/uploads\/2024\/09\/spsujtas_malyvavirag_szett-807x1024.jpeg 807w, https:\/\/spsujtas.hu\/wp-content\/uploads\/2024\/09\/spsujtas_malyvavirag_szett-236x300.jpeg 236w, https:\/\/spsujtas.hu\/wp-content\/uploads\/2024\/09\/spsujtas_malyvavirag_szett-768x974.jpeg 768w, https:\/\/spsujtas.hu\/wp-content\/uploads\/2024\/09\/spsujtas_malyvavirag_szett-1211x1536.jpeg 1211w, https:\/\/spsujtas.hu\/wp-content\/uploads\/2024\/09\/spsujtas_malyvavirag_szett-1614x2048.jpeg 1614w, https:\/\/spsujtas.hu\/wp-content\/uploads\/2024\/09\/spsujtas_malyvavirag_szett-9x12.jpeg 9w, https:\/\/spsujtas.hu\/wp-content\/uploads\/2024\/09\/spsujtas_malyvavirag_szett-scaled.jpeg 2018w\" sizes=\"auto, (max-width: 807px) 100vw, 807px\" \/><\/figure>\n\n\n\n<figure class=\"wp-block-image size-large\"><img loading=\"lazy\" decoding=\"async\" width=\"768\" height=\"1024\" data-id=\"316\" src=\"https:\/\/spsujtas.hu\/wp-content\/uploads\/2024\/09\/spsujtas_lagynapsugar-768x1024.jpeg\" alt=\"\" class=\"wp-image-316\" srcset=\"https:\/\/spsujtas.hu\/wp-content\/uploads\/2024\/09\/spsujtas_lagynapsugar-768x1024.jpeg 768w, https:\/\/spsujtas.hu\/wp-content\/uploads\/2024\/09\/spsujtas_lagynapsugar-225x300.jpeg 225w, https:\/\/spsujtas.hu\/wp-content\/uploads\/2024\/09\/spsujtas_lagynapsugar-1152x1536.jpeg 1152w, https:\/\/spsujtas.hu\/wp-content\/uploads\/2024\/09\/spsujtas_lagynapsugar-1536x2048.jpeg 1536w, https:\/\/spsujtas.hu\/wp-content\/uploads\/2024\/09\/spsujtas_lagynapsugar-9x12.jpeg 9w, https:\/\/spsujtas.hu\/wp-content\/uploads\/2024\/09\/spsujtas_lagynapsugar-scaled.jpeg 1920w\" sizes=\"auto, (max-width: 768px) 100vw, 768px\" \/><\/figure>\n\n\n\n<figure class=\"wp-block-image size-large\"><img loading=\"lazy\" decoding=\"async\" width=\"1024\" height=\"768\" data-id=\"305\" src=\"https:\/\/spsujtas.hu\/wp-content\/uploads\/2024\/09\/spsujtas_idoutazas-1024x768.jpeg\" alt=\"\" class=\"wp-image-305\" srcset=\"https:\/\/spsujtas.hu\/wp-content\/uploads\/2024\/09\/spsujtas_idoutazas-1024x768.jpeg 1024w, https:\/\/spsujtas.hu\/wp-content\/uploads\/2024\/09\/spsujtas_idoutazas-300x225.jpeg 300w, https:\/\/spsujtas.hu\/wp-content\/uploads\/2024\/09\/spsujtas_idoutazas-768x576.jpeg 768w, https:\/\/spsujtas.hu\/wp-content\/uploads\/2024\/09\/spsujtas_idoutazas-1536x1152.jpeg 1536w, https:\/\/spsujtas.hu\/wp-content\/uploads\/2024\/09\/spsujtas_idoutazas-2048x1536.jpeg 2048w, https:\/\/spsujtas.hu\/wp-content\/uploads\/2024\/09\/spsujtas_idoutazas-16x12.jpeg 16w\" sizes=\"auto, (max-width: 1024px) 100vw, 1024px\" \/><\/figure>\n\n\n\n<figure class=\"wp-block-image size-large\"><img loading=\"lazy\" decoding=\"async\" width=\"1024\" height=\"797\" data-id=\"307\" src=\"https:\/\/spsujtas.hu\/wp-content\/uploads\/2024\/09\/spsujtas_kavalkad-1024x797.jpeg\" alt=\"\" class=\"wp-image-307\" srcset=\"https:\/\/spsujtas.hu\/wp-content\/uploads\/2024\/09\/spsujtas_kavalkad-1024x797.jpeg 1024w, https:\/\/spsujtas.hu\/wp-content\/uploads\/2024\/09\/spsujtas_kavalkad-300x233.jpeg 300w, https:\/\/spsujtas.hu\/wp-content\/uploads\/2024\/09\/spsujtas_kavalkad-768x598.jpeg 768w, https:\/\/spsujtas.hu\/wp-content\/uploads\/2024\/09\/spsujtas_kavalkad-1536x1195.jpeg 1536w, https:\/\/spsujtas.hu\/wp-content\/uploads\/2024\/09\/spsujtas_kavalkad-2048x1594.jpeg 2048w, https:\/\/spsujtas.hu\/wp-content\/uploads\/2024\/09\/spsujtas_kavalkad-15x12.jpeg 15w\" sizes=\"auto, (max-width: 1024px) 100vw, 1024px\" \/><\/figure>\n\n\n\n<figure class=\"wp-block-image size-large\"><img loading=\"lazy\" decoding=\"async\" width=\"1024\" height=\"880\" data-id=\"282\" src=\"https:\/\/spsujtas.hu\/wp-content\/uploads\/2024\/09\/spsujtas_derenges-1024x880.jpeg\" alt=\"\" class=\"wp-image-282\" srcset=\"https:\/\/spsujtas.hu\/wp-content\/uploads\/2024\/09\/spsujtas_derenges-1024x880.jpeg 1024w, https:\/\/spsujtas.hu\/wp-content\/uploads\/2024\/09\/spsujtas_derenges-300x258.jpeg 300w, https:\/\/spsujtas.hu\/wp-content\/uploads\/2024\/09\/spsujtas_derenges-768x660.jpeg 768w, https:\/\/spsujtas.hu\/wp-content\/uploads\/2024\/09\/spsujtas_derenges-1536x1320.jpeg 1536w, https:\/\/spsujtas.hu\/wp-content\/uploads\/2024\/09\/spsujtas_derenges-2048x1760.jpeg 2048w, https:\/\/spsujtas.hu\/wp-content\/uploads\/2024\/09\/spsujtas_derenges-14x12.jpeg 14w\" sizes=\"auto, (max-width: 1024px) 100vw, 1024px\" \/><\/figure>\n\n\n\n<figure class=\"wp-block-image size-large\"><img loading=\"lazy\" decoding=\"async\" width=\"768\" height=\"1024\" data-id=\"281\" src=\"https:\/\/spsujtas.hu\/wp-content\/uploads\/2024\/09\/spsujtas_der_2-768x1024.jpeg\" alt=\"\" class=\"wp-image-281\" srcset=\"https:\/\/spsujtas.hu\/wp-content\/uploads\/2024\/09\/spsujtas_der_2-768x1024.jpeg 768w, https:\/\/spsujtas.hu\/wp-content\/uploads\/2024\/09\/spsujtas_der_2-225x300.jpeg 225w, https:\/\/spsujtas.hu\/wp-content\/uploads\/2024\/09\/spsujtas_der_2-1152x1536.jpeg 1152w, https:\/\/spsujtas.hu\/wp-content\/uploads\/2024\/09\/spsujtas_der_2-1536x2048.jpeg 1536w, https:\/\/spsujtas.hu\/wp-content\/uploads\/2024\/09\/spsujtas_der_2-9x12.jpeg 9w, https:\/\/spsujtas.hu\/wp-content\/uploads\/2024\/09\/spsujtas_der_2-scaled.jpeg 1920w\" sizes=\"auto, (max-width: 768px) 100vw, 768px\" \/><\/figure>\n\n\n\n<figure class=\"wp-block-image size-large\"><img loading=\"lazy\" decoding=\"async\" width=\"1024\" height=\"803\" data-id=\"275\" src=\"https:\/\/spsujtas.hu\/wp-content\/uploads\/2024\/09\/spsujtas_csilingeles-1024x803.jpeg\" alt=\"\" class=\"wp-image-275\" srcset=\"https:\/\/spsujtas.hu\/wp-content\/uploads\/2024\/09\/spsujtas_csilingeles-1024x803.jpeg 1024w, https:\/\/spsujtas.hu\/wp-content\/uploads\/2024\/09\/spsujtas_csilingeles-300x235.jpeg 300w, https:\/\/spsujtas.hu\/wp-content\/uploads\/2024\/09\/spsujtas_csilingeles-768x603.jpeg 768w, https:\/\/spsujtas.hu\/wp-content\/uploads\/2024\/09\/spsujtas_csilingeles-1536x1205.jpeg 1536w, https:\/\/spsujtas.hu\/wp-content\/uploads\/2024\/09\/spsujtas_csilingeles-2048x1607.jpeg 2048w, https:\/\/spsujtas.hu\/wp-content\/uploads\/2024\/09\/spsujtas_csilingeles-15x12.jpeg 15w\" sizes=\"auto, (max-width: 1024px) 100vw, 1024px\" \/><\/figure>\n\n\n\n<figure class=\"wp-block-image size-large\"><img loading=\"lazy\" decoding=\"async\" width=\"768\" height=\"1024\" data-id=\"273\" src=\"https:\/\/spsujtas.hu\/wp-content\/uploads\/2024\/09\/spsujtas_citrus_2-768x1024.jpg\" alt=\"\" class=\"wp-image-273\" srcset=\"https:\/\/spsujtas.hu\/wp-content\/uploads\/2024\/09\/spsujtas_citrus_2-768x1024.jpg 768w, https:\/\/spsujtas.hu\/wp-content\/uploads\/2024\/09\/spsujtas_citrus_2-225x300.jpg 225w, https:\/\/spsujtas.hu\/wp-content\/uploads\/2024\/09\/spsujtas_citrus_2-1152x1536.jpg 1152w, https:\/\/spsujtas.hu\/wp-content\/uploads\/2024\/09\/spsujtas_citrus_2-1536x2048.jpg 1536w, https:\/\/spsujtas.hu\/wp-content\/uploads\/2024\/09\/spsujtas_citrus_2-9x12.jpg 9w, https:\/\/spsujtas.hu\/wp-content\/uploads\/2024\/09\/spsujtas_citrus_2.jpg 1920w\" sizes=\"auto, (max-width: 768px) 100vw, 768px\" \/><\/figure>\n\n\n\n<figure class=\"wp-block-image size-large\"><img loading=\"lazy\" decoding=\"async\" width=\"763\" height=\"1024\" data-id=\"279\" src=\"https:\/\/spsujtas.hu\/wp-content\/uploads\/2024\/09\/spsujtas_denimlaz_2-763x1024.jpeg\" alt=\"\" class=\"wp-image-279\" srcset=\"https:\/\/spsujtas.hu\/wp-content\/uploads\/2024\/09\/spsujtas_denimlaz_2-763x1024.jpeg 763w, https:\/\/spsujtas.hu\/wp-content\/uploads\/2024\/09\/spsujtas_denimlaz_2-224x300.jpeg 224w, https:\/\/spsujtas.hu\/wp-content\/uploads\/2024\/09\/spsujtas_denimlaz_2-768x1031.jpeg 768w, https:\/\/spsujtas.hu\/wp-content\/uploads\/2024\/09\/spsujtas_denimlaz_2-1145x1536.jpeg 1145w, https:\/\/spsujtas.hu\/wp-content\/uploads\/2024\/09\/spsujtas_denimlaz_2-1526x2048.jpeg 1526w, https:\/\/spsujtas.hu\/wp-content\/uploads\/2024\/09\/spsujtas_denimlaz_2-9x12.jpeg 9w, https:\/\/spsujtas.hu\/wp-content\/uploads\/2024\/09\/spsujtas_denimlaz_2-scaled.jpeg 1908w\" sizes=\"auto, (max-width: 763px) 100vw, 763px\" \/><\/figure>\n\n\n\n<figure class=\"wp-block-image size-large\"><img loading=\"lazy\" decoding=\"async\" width=\"1024\" height=\"768\" data-id=\"304\" src=\"https:\/\/spsujtas.hu\/wp-content\/uploads\/2024\/09\/spsujtas_hullamzas-1024x768.jpeg\" alt=\"\" class=\"wp-image-304\" srcset=\"https:\/\/spsujtas.hu\/wp-content\/uploads\/2024\/09\/spsujtas_hullamzas-1024x768.jpeg 1024w, https:\/\/spsujtas.hu\/wp-content\/uploads\/2024\/09\/spsujtas_hullamzas-300x225.jpeg 300w, https:\/\/spsujtas.hu\/wp-content\/uploads\/2024\/09\/spsujtas_hullamzas-768x576.jpeg 768w, https:\/\/spsujtas.hu\/wp-content\/uploads\/2024\/09\/spsujtas_hullamzas-1536x1152.jpeg 1536w, https:\/\/spsujtas.hu\/wp-content\/uploads\/2024\/09\/spsujtas_hullamzas-2048x1536.jpeg 2048w, https:\/\/spsujtas.hu\/wp-content\/uploads\/2024\/09\/spsujtas_hullamzas-16x12.jpeg 16w\" sizes=\"auto, (max-width: 1024px) 100vw, 1024px\" \/><\/figure>\n\n\n\n<figure class=\"wp-block-image size-large\"><img loading=\"lazy\" decoding=\"async\" width=\"768\" height=\"1024\" data-id=\"302\" src=\"https:\/\/spsujtas.hu\/wp-content\/uploads\/2024\/09\/spsujtas_homokdune-768x1024.jpg\" alt=\"\" class=\"wp-image-302\" srcset=\"https:\/\/spsujtas.hu\/wp-content\/uploads\/2024\/09\/spsujtas_homokdune-768x1024.jpg 768w, https:\/\/spsujtas.hu\/wp-content\/uploads\/2024\/09\/spsujtas_homokdune-225x300.jpg 225w, https:\/\/spsujtas.hu\/wp-content\/uploads\/2024\/09\/spsujtas_homokdune-1152x1536.jpg 1152w, https:\/\/spsujtas.hu\/wp-content\/uploads\/2024\/09\/spsujtas_homokdune-1536x2048.jpg 1536w, https:\/\/spsujtas.hu\/wp-content\/uploads\/2024\/09\/spsujtas_homokdune-9x12.jpg 9w, https:\/\/spsujtas.hu\/wp-content\/uploads\/2024\/09\/spsujtas_homokdune.jpg 1920w\" sizes=\"auto, (max-width: 768px) 100vw, 768px\" \/><\/figure>\n\n\n\n<figure class=\"wp-block-image size-large\"><img loading=\"lazy\" decoding=\"async\" width=\"768\" height=\"1024\" data-id=\"306\" src=\"https:\/\/spsujtas.hu\/wp-content\/uploads\/2024\/09\/spsujtas_indiannyar-768x1024.jpeg\" alt=\"\" class=\"wp-image-306\" srcset=\"https:\/\/spsujtas.hu\/wp-content\/uploads\/2024\/09\/spsujtas_indiannyar-768x1024.jpeg 768w, https:\/\/spsujtas.hu\/wp-content\/uploads\/2024\/09\/spsujtas_indiannyar-225x300.jpeg 225w, https:\/\/spsujtas.hu\/wp-content\/uploads\/2024\/09\/spsujtas_indiannyar-1152x1536.jpeg 1152w, https:\/\/spsujtas.hu\/wp-content\/uploads\/2024\/09\/spsujtas_indiannyar-1536x2048.jpeg 1536w, https:\/\/spsujtas.hu\/wp-content\/uploads\/2024\/09\/spsujtas_indiannyar-9x12.jpeg 9w, https:\/\/spsujtas.hu\/wp-content\/uploads\/2024\/09\/spsujtas_indiannyar-scaled.jpeg 1920w\" sizes=\"auto, (max-width: 768px) 100vw, 768px\" \/><\/figure>\n<\/figure>\n\n\n\n<h2 class=\"wp-block-heading\">Esk\u00fcv\u0151re<\/h2>\n\n\n\n<p>Eml\u00e9kszem, amikor k\u00e9sz\u00fcltem a nagy napunkra. M\u00e1r 7\u00a0\u00e9ve. Mindent t\u00f6k\u00e9letesre szerettem volna. Az el\u0151k\u00e9sz\u00fcletekkel elt\u00f6lt\u00f6tt id\u0151t izgalom\u00a0\u00e9s\u00a0\u00e1lmodoz\u00e1s j\u00e1rta\u00a0\u00e1t. Elk\u00e9pzeltem magam el\u0151tt, hogyan fog mutatni egy\u00fctt a ruh\u00e1m\u00a0\u00e9s a csokor, a ruh\u00e1m\u00a0\u00e9s a v\u00e1lasztott sz\u00ednek, a ruh\u00e1m\u00a0\u00e9s a hosszas keresg\u00e9l\u00e9s ut\u00e1n kiv\u00e1lasztott\u00a0\u00e9kszer.\u00a0<br>A legfontosabb pedig ami a fejemben j\u00e1rt, hogy a lehet\u0151\u00a0legszebb legyek\u00a0\u00e9letem Szerelme el\u0151tt, abban a bizonyos pillanatban amikor el\u0151sz\u00f6r megl\u00e1t Menyasszonyk\u00e9nt, feh\u00e9r ruh\u00e1ban.\u00a0<br>Az\u00a0\u0150\u00a0Menyasszonyak\u00e9nt, f\u00f6ldig\u00a0\u00e9r\u0151\u00a0f\u00e1tylam al\u00f3l feltekintve&#8230;<br><br>&#8230; a sminkem, a hajam\u00a0\u00e9s a t\u00f6k\u00e9letes\u00a0\u00e9kszer keretezze arcom, mert el\u00e9g egyetlen apr\u00f3\u00a0f\u00e9lresiker\u00fclt r\u00e9szlet\u00a0\u00e9s a var\u00e1zslat elreppen\u00a0\u00e9s hely\u00e9be csal\u00f3d\u00e1s\u00a0\u00e9s k\u00e9ts\u00e9gbees\u00e9s k\u00f6lt\u00f6zik, hogy mit ronthattam el.<br><br>A Suzy P\u00e1lh\u00e1zy Sujt\u00e1s\u00a0\u00e9kszerek k\u00fcl\u00f6nlegess\u00e9ge, hogy a ruh\u00e1hoz finoman idomulva, a k\u00edv\u00e1nt sz\u00ednvil\u00e1ggal keretezik a menyasszony arc\u00e1t, ruh\u00e1j\u00e1nak vonal\u00e1t, legyen sz\u00f3\u00a0ak\u00e1r f\u00fclbeval\u00f3r\u00f3l, nyak\u00e9kr\u0151l, kark\u00f6t\u0151r\u0151l vagy b\u00e1rmely kieg\u00e9sz\u00edt\u0151r\u0151l.\u00a0\u00d6r\u00f6k eml\u00e9ked marad, melyet\u00a0\u00fajra\u00a0\u00e9s\u00a0\u00fajra hordhatsz,\u00a0\u00e9s biztos\u00edthatlak r\u00f3la, hogy minden alkalommal amikor\u00a0\u00fajra felveszed, F\u00e9rjed tekintet\u00e9ben is k\u00f6z\u00f6s\u00a0\u00e9letetek egyik legszebb pillanata fog\u00a0\u00fajra\u00a0\u00e9s\u00a0\u00fajra megcsillanni. Mert ezek a k\u00fcl\u00f6nleges, k\u00e9zzel k\u00e9sz\u00edtett darabok eml\u00e9kkapszulak\u00e9nt v\u00e9gig k\u00eds\u00e9rik majd\u00a0\u00e9leted napjait.<\/p>\n\n\n\n<figure class=\"wp-block-gallery has-nested-images columns-default is-cropped wp-block-gallery-2 is-layout-flex wp-block-gallery-is-layout-flex\">\n<figure class=\"wp-block-image size-large\"><img loading=\"lazy\" decoding=\"async\" width=\"1024\" height=\"972\" data-id=\"317\" src=\"https:\/\/spsujtas.hu\/wp-content\/uploads\/2024\/09\/spsujtas_lagysag-1024x972.jpg\" alt=\"\" class=\"wp-image-317\" srcset=\"https:\/\/spsujtas.hu\/wp-content\/uploads\/2024\/09\/spsujtas_lagysag-1024x972.jpg 1024w, https:\/\/spsujtas.hu\/wp-content\/uploads\/2024\/09\/spsujtas_lagysag-300x285.jpg 300w, https:\/\/spsujtas.hu\/wp-content\/uploads\/2024\/09\/spsujtas_lagysag-768x729.jpg 768w, https:\/\/spsujtas.hu\/wp-content\/uploads\/2024\/09\/spsujtas_lagysag-1536x1458.jpg 1536w, https:\/\/spsujtas.hu\/wp-content\/uploads\/2024\/09\/spsujtas_lagysag-13x12.jpg 13w, https:\/\/spsujtas.hu\/wp-content\/uploads\/2024\/09\/spsujtas_lagysag.jpg 2023w\" sizes=\"auto, (max-width: 1024px) 100vw, 1024px\" \/><\/figure>\n\n\n\n<figure class=\"wp-block-image size-large\"><img loading=\"lazy\" decoding=\"async\" width=\"1024\" height=\"957\" data-id=\"319\" src=\"https:\/\/spsujtas.hu\/wp-content\/uploads\/2024\/09\/spsujtas_magyar_sziv-1024x957.jpeg\" alt=\"\" class=\"wp-image-319\" srcset=\"https:\/\/spsujtas.hu\/wp-content\/uploads\/2024\/09\/spsujtas_magyar_sziv-1024x957.jpeg 1024w, https:\/\/spsujtas.hu\/wp-content\/uploads\/2024\/09\/spsujtas_magyar_sziv-300x280.jpeg 300w, https:\/\/spsujtas.hu\/wp-content\/uploads\/2024\/09\/spsujtas_magyar_sziv-768x718.jpeg 768w, https:\/\/spsujtas.hu\/wp-content\/uploads\/2024\/09\/spsujtas_magyar_sziv-1536x1436.jpeg 1536w, https:\/\/spsujtas.hu\/wp-content\/uploads\/2024\/09\/spsujtas_magyar_sziv-2048x1914.jpeg 2048w, https:\/\/spsujtas.hu\/wp-content\/uploads\/2024\/09\/spsujtas_magyar_sziv-13x12.jpeg 13w\" sizes=\"auto, (max-width: 1024px) 100vw, 1024px\" \/><\/figure>\n\n\n\n<figure class=\"wp-block-image size-large\"><img loading=\"lazy\" decoding=\"async\" width=\"1024\" height=\"667\" data-id=\"276\" src=\"https:\/\/spsujtas.hu\/wp-content\/uploads\/2024\/09\/spsujtas_csipkehatas-2-1024x667.jpg\" alt=\"\" class=\"wp-image-276\" srcset=\"https:\/\/spsujtas.hu\/wp-content\/uploads\/2024\/09\/spsujtas_csipkehatas-2-1024x667.jpg 1024w, https:\/\/spsujtas.hu\/wp-content\/uploads\/2024\/09\/spsujtas_csipkehatas-2-300x195.jpg 300w, https:\/\/spsujtas.hu\/wp-content\/uploads\/2024\/09\/spsujtas_csipkehatas-2-768x500.jpg 768w, https:\/\/spsujtas.hu\/wp-content\/uploads\/2024\/09\/spsujtas_csipkehatas-2-1536x1001.jpg 1536w, https:\/\/spsujtas.hu\/wp-content\/uploads\/2024\/09\/spsujtas_csipkehatas-2-18x12.jpg 18w, https:\/\/spsujtas.hu\/wp-content\/uploads\/2024\/09\/spsujtas_csipkehatas-2.jpg 1653w\" sizes=\"auto, (max-width: 1024px) 100vw, 1024px\" \/><\/figure>\n\n\n\n<figure class=\"wp-block-image size-large\"><img loading=\"lazy\" decoding=\"async\" width=\"1024\" height=\"677\" data-id=\"288\" src=\"https:\/\/spsujtas.hu\/wp-content\/uploads\/2024\/09\/spsujtas_feherbaj_karkoto-1024x677.jpg\" alt=\"\" class=\"wp-image-288\" srcset=\"https:\/\/spsujtas.hu\/wp-content\/uploads\/2024\/09\/spsujtas_feherbaj_karkoto-1024x677.jpg 1024w, https:\/\/spsujtas.hu\/wp-content\/uploads\/2024\/09\/spsujtas_feherbaj_karkoto-300x198.jpg 300w, https:\/\/spsujtas.hu\/wp-content\/uploads\/2024\/09\/spsujtas_feherbaj_karkoto-768x508.jpg 768w, https:\/\/spsujtas.hu\/wp-content\/uploads\/2024\/09\/spsujtas_feherbaj_karkoto-1536x1016.jpg 1536w, https:\/\/spsujtas.hu\/wp-content\/uploads\/2024\/09\/spsujtas_feherbaj_karkoto-18x12.jpg 18w, https:\/\/spsujtas.hu\/wp-content\/uploads\/2024\/09\/spsujtas_feherbaj_karkoto.jpg 1635w\" sizes=\"auto, (max-width: 1024px) 100vw, 1024px\" \/><\/figure>\n\n\n\n<figure class=\"wp-block-image size-large\"><img loading=\"lazy\" decoding=\"async\" width=\"1024\" height=\"668\" data-id=\"289\" src=\"https:\/\/spsujtas.hu\/wp-content\/uploads\/2024\/09\/spsujtas_gfeherbaj_2-1024x668.jpg\" alt=\"\" class=\"wp-image-289\" srcset=\"https:\/\/spsujtas.hu\/wp-content\/uploads\/2024\/09\/spsujtas_gfeherbaj_2-1024x668.jpg 1024w, https:\/\/spsujtas.hu\/wp-content\/uploads\/2024\/09\/spsujtas_gfeherbaj_2-300x196.jpg 300w, https:\/\/spsujtas.hu\/wp-content\/uploads\/2024\/09\/spsujtas_gfeherbaj_2-768x501.jpg 768w, https:\/\/spsujtas.hu\/wp-content\/uploads\/2024\/09\/spsujtas_gfeherbaj_2-1536x1002.jpg 1536w, https:\/\/spsujtas.hu\/wp-content\/uploads\/2024\/09\/spsujtas_gfeherbaj_2-18x12.jpg 18w, https:\/\/spsujtas.hu\/wp-content\/uploads\/2024\/09\/spsujtas_gfeherbaj_2.jpg 1626w\" sizes=\"auto, (max-width: 1024px) 100vw, 1024px\" \/><\/figure>\n<\/figure>\n\n\n\n<div class=\"wp-block-columns animated fadeInUp is-layout-flex wp-container-core-columns-is-layout-9d6595d7 wp-block-columns-is-layout-flex\">\n<div class=\"wp-block-column is-layout-flow wp-block-column-is-layout-flow\" style=\"flex-basis:25%\"><\/div>\n\n\n\n<div class=\"wp-block-column is-layout-flow wp-block-column-is-layout-flow\" style=\"flex-basis:50%\"><div class=\"forminator-ui forminator-custom-form forminator-custom-form-68 forminator-design--flat  forminator_ajax\" data-forminator-render=\"0\" data-form=\"forminator-module-68\" data-uid=\"69e311203dde3\"><br\/><\/div><form\n\t\t\t\tid=\"forminator-module-68\"\n\t\t\t\tclass=\"forminator-ui forminator-custom-form forminator-custom-form-68 forminator-design--flat  forminator_ajax\"\n\t\t\t\tmethod=\"post\"\n\t\t\t\tdata-forminator-render=\"0\"\n\t\t\t\tdata-form-id=\"68\"\n\t\t\t\t data-color-option=\"default\" data-design=\"flat\" data-grid=\"open\" style=\"display: none;\"\n\t\t\t\tdata-uid=\"69e311203dde3\" action=\"\"\n\t\t\t><div role=\"alert\" aria-live=\"polite\" class=\"forminator-response-message forminator-error\" aria-hidden=\"true\"><\/div><div class=\"forminator-row\"><div id=\"name-1\" class=\"forminator-field-name forminator-col forminator-col-12\"><div class=\"forminator-field\"><label for=\"forminator-field-name-1_69e311203dde3\" id=\"forminator-field-name-1_69e311203dde3-label\" class=\"forminator-label\">Name <span class=\"forminator-required\">*<\/span><\/label><input type=\"text\" name=\"name-1\" value=\"\" placeholder=\"Teljes Nevem\" id=\"forminator-field-name-1_69e311203dde3\" class=\"forminator-input forminator-name--field\" aria-required=\"true\" autocomplete=\"name\" \/><\/div><\/div><\/div><div class=\"forminator-row\"><div id=\"email-1\" class=\"forminator-field-email forminator-col forminator-col-12\"><div class=\"forminator-field\"><label for=\"forminator-field-email-1_69e311203dde3\" id=\"forminator-field-email-1_69e311203dde3-label\" class=\"forminator-label\">E-mail address <span class=\"forminator-required\">*<\/span><\/label><input type=\"email\" name=\"email-1\" value=\"\" placeholder=\"email@email.com\" id=\"forminator-field-email-1_69e311203dde3\" class=\"forminator-input forminator-email--field\" data-required=\"1\" aria-required=\"true\" autocomplete=\"email\" \/><\/div><\/div><\/div><div class=\"forminator-row\"><div id=\"phone-1\" class=\"forminator-field-phone forminator-col forminator-col-12\"><div class=\"forminator-field\"><label for=\"forminator-field-phone-1_69e311203dde3\" id=\"forminator-field-phone-1_69e311203dde3-label\" class=\"forminator-label\">Phone number<\/label><input type=\"text\" name=\"phone-1\" value=\"\" placeholder=\"\" id=\"forminator-field-phone-1_69e311203dde3\" class=\"forminator-input forminator-field--phone\" data-required=\"\" aria-required=\"false\" autocomplete=\"off\" \/><\/div><\/div><\/div><div class=\"forminator-row\"><div id=\"textarea-1\" class=\"forminator-field-textarea forminator-col forminator-col-12\"><div class=\"forminator-field\"><label for=\"forminator-field-textarea-1_69e311203dde3\" id=\"forminator-field-textarea-1_69e311203dde3-label\" class=\"forminator-label\">Message <span class=\"forminator-required\">*<\/span><\/label><textarea name=\"textarea-1\" placeholder=\"\" id=\"forminator-field-textarea-1_69e311203dde3\" class=\"forminator-textarea\" rows=\"6\" style=\"min-height:140px;\" maxlength=\"180\" ><\/textarea><span id=\"forminator-field-textarea-1_69e311203dde3-description\" class=\"forminator-description\"><span data-limit=\"180\" data-type=\"characters\" data-editor=\"\">0 \/ 180<\/span><\/span><\/div><\/div><\/div><div class=\"forminator-row\"><div id=\"captcha-1\" class=\"forminator-field-captcha forminator-col forminator-col-12\"><div class=\"forminator-captcha-left forminator-g-recaptcha\" data-theme=\"light\"  data-sitekey=\"6LcFJMkpAAAAALCMuw-z3sGUCG5WBW3f-qhlLxWV\" data-size=\"normal\"><\/div> <\/div><\/div><input type=\"hidden\" name=\"referer_url\" value=\"\" \/><div class=\"forminator-row forminator-row-last\"><div class=\"forminator-col\"><div class=\"forminator-field\"><button class=\"forminator-button forminator-button-submit\">Submit<\/button><\/div><\/div><\/div><input type=\"hidden\" id=\"forminator_nonce\" name=\"forminator_nonce\" value=\"1425645a7d\" \/><input type=\"hidden\" name=\"_wp_http_referer\" value=\"\/en\/wp-json\/wp\/v2\/pages\/22\" \/><input type=\"hidden\" name=\"form_id\" value=\"68\"><input type=\"hidden\" name=\"page_id\" value=\"22\"><input type=\"hidden\" name=\"form_type\" value=\"default\"><input type=\"hidden\" name=\"current_url\" value=\"https:\/\/spsujtas.hu\/en\/munkaim\/\"><input type=\"hidden\" name=\"render_id\" value=\"0\"><input type=\"hidden\" name=\"action\" value=\"forminator_submit_form_custom-forms\"><label for=\"input_5\" class=\"forminator-hidden\" aria-hidden=\"true\">Please do not fill in this field. <input id=\"input_5\" type=\"text\" name=\"input_5\" value=\"\" autocomplete=\"off\"><\/label><input type=\"hidden\" name=\"trp-form-language\" value=\"en\"\/><\/form>\n<\/div>\n\n\n\n<div class=\"wp-block-column is-layout-flow wp-block-column-is-layout-flow\" style=\"flex-basis:25%\"><\/div>\n<\/div>","protected":false},"excerpt":{"rendered":"<p>Mindennapokra Esk\u00fcv\u0151re Eml\u00e9kszem, amikor k\u00e9sz\u00fcltem a nagy napunkra. M\u00e1r 7\u00a0\u00e9ve. Mindent t\u00f6k\u00e9letesre szerettem volna. Az el\u0151k\u00e9sz\u00fcletekkel elt\u00f6lt\u00f6tt id\u0151t izgalom\u00a0\u00e9s\u00a0\u00e1lmodoz\u00e1s j\u00e1rta\u00a0\u00e1t. Elk\u00e9pzeltem magam el\u0151tt, hogyan fog mutatni egy\u00fctt a ruh\u00e1m\u00a0\u00e9s a csokor, a ruh\u00e1m\u00a0\u00e9s a v\u00e1lasztott sz\u00ednek, a ruh\u00e1m\u00a0\u00e9s a hosszas keresg\u00e9l\u00e9s ut\u00e1n kiv\u00e1lasztott\u00a0\u00e9kszer.\u00a0A legfontosabb pedig ami a fejemben j\u00e1rt, hogy a lehet\u0151\u00a0legszebb legyek\u00a0\u00e9letem Szerelme el\u0151tt,&#8230;<\/p>","protected":false},"author":1,"featured_media":156,"parent":0,"menu_order":0,"comment_status":"closed","ping_status":"closed","template":"","meta":{"_kad_post_transparent":"","_kad_post_title":"","_kad_post_layout":"","_kad_post_sidebar_id":"","_kad_post_content_style":"","_kad_post_vertical_padding":"","_kad_post_feature":"","_kad_post_feature_position":"","_kad_post_header":false,"_kad_post_footer":false,"footnotes":""},"class_list":["post-22","page","type-page","status-publish","has-post-thumbnail","hentry"],"_links":{"self":[{"href":"https:\/\/spsujtas.hu\/en\/wp-json\/wp\/v2\/pages\/22","targetHints":{"allow":["GET"]}}],"collection":[{"href":"https:\/\/spsujtas.hu\/en\/wp-json\/wp\/v2\/pages"}],"about":[{"href":"https:\/\/spsujtas.hu\/en\/wp-json\/wp\/v2\/types\/page"}],"author":[{"embeddable":true,"href":"https:\/\/spsujtas.hu\/en\/wp-json\/wp\/v2\/users\/1"}],"replies":[{"embeddable":true,"href":"https:\/\/spsujtas.hu\/en\/wp-json\/wp\/v2\/comments?post=22"}],"version-history":[{"count":10,"href":"https:\/\/spsujtas.hu\/en\/wp-json\/wp\/v2\/pages\/22\/revisions"}],"predecessor-version":[{"id":385,"href":"https:\/\/spsujtas.hu\/en\/wp-json\/wp\/v2\/pages\/22\/revisions\/385"}],"wp:featuredmedia":[{"embeddable":true,"href":"https:\/\/spsujtas.hu\/en\/wp-json\/wp\/v2\/media\/156"}],"wp:attachment":[{"href":"https:\/\/spsujtas.hu\/en\/wp-json\/wp\/v2\/media?parent=22"}],"curies":[{"name":"wp","href":"https:\/\/api.w.org\/{rel}","templated":true}]}}