{"id":20,"date":"2024-01-26T21:11:53","date_gmt":"2024-01-26T20:11:53","guid":{"rendered":"https:\/\/spsujtas.hu\/?page_id=20"},"modified":"2024-09-07T21:36:11","modified_gmt":"2024-09-07T19:36:11","slug":"rolam","status":"publish","type":"page","link":"https:\/\/spsujtas.hu\/en\/rolam\/","title":{"rendered":"About me"},"content":{"rendered":"<div class=\"wp-block-cover aligncenter wp-duotone-unset-1\"><span aria-hidden=\"true\" class=\"wp-block-cover__background has-background-dim\"><\/span><img loading=\"lazy\" decoding=\"async\" width=\"808\" height=\"1050\" class=\"wp-block-cover__image-background wp-image-229\" alt=\"\" src=\"https:\/\/spsujtas.hu\/wp-content\/uploads\/2024\/08\/07A2758-98.jpeg\" data-object-fit=\"cover\" srcset=\"https:\/\/spsujtas.hu\/wp-content\/uploads\/2024\/08\/07A2758-98.jpeg 808w, https:\/\/spsujtas.hu\/wp-content\/uploads\/2024\/08\/07A2758-98-231x300.jpeg 231w, https:\/\/spsujtas.hu\/wp-content\/uploads\/2024\/08\/07A2758-98-788x1024.jpeg 788w, https:\/\/spsujtas.hu\/wp-content\/uploads\/2024\/08\/07A2758-98-768x998.jpeg 768w, https:\/\/spsujtas.hu\/wp-content\/uploads\/2024\/08\/07A2758-98-9x12.jpeg 9w\" sizes=\"auto, (max-width: 808px) 100vw, 808px\" \/><div class=\"wp-block-cover__inner-container is-layout-flow wp-block-cover-is-layout-flow\">\n<p class=\"has-text-align-center has-large-font-size\">A kezdetek&#8230;<\/p>\n<\/div><\/div>\n\n\n\n<div class=\"wp-block-columns animated fadeInUp is-layout-flex wp-container-core-columns-is-layout-9d6595d7 wp-block-columns-is-layout-flex\">\n<div class=\"wp-block-column is-layout-flow wp-block-column-is-layout-flow\">\n<p class=\"has-text-align-center\">P\u00e1lh\u00e1zy-Nagy Zsuzsa vagyok, a Suzy Palhazy Soutache meg\u00e1lmod\u00f3ja. Szerettem<br>\u00e9s szeretem a kreat\u00edv tev\u00e9kenys\u00e9geket, de kerestem az \u00c9N utat, ahol szabadj\u00e1ra<br>engedhettem a legmer\u00e9szebb v\u00e1gyaimat a form\u00e1k \u00e9s sz\u00ednek ter\u00e9n.<br>Term\u00e9szetesen erre szinte minden k\u00e9zm\u0171ves \u00e1gban van lehet\u0151s\u00e9g, de tudtam<br>hogy meg fogom tal\u00e1lni a nagybet\u0171s technik\u00e1t. 2 kisgyermek ut\u00e1n \u2013 ami sokszor<br>m\u00e1r mag\u00e1ban is versenyfut\u00e1s az id\u0151vel &#8211; \u00f6r\u00f6m volt egy-egy este amikor siker\u00fclt<br>le\u00fclni horgolni, varrni vagy csak inspir\u00e1l\u00f3dni. Egy ilyen kandall\u00f3 f\u0171t\u00f6tte hideg<br>t\u00e9li est\u00e9n tal\u00e1lkoztam szembe a sujt\u00e1s technik\u00e1val.<\/p>\n\n\n\n<p class=\"has-text-align-center\"><br>Ismertem a s\u00fajt\u00e1soz\u00e1st, mint d\u00edsz\u00edt\u00e9si technik\u00e1t, s\u0151t, \u00e9vekkel kor\u00e1bban a menyasszonyi ruh\u00e1mat is a<br>hagyom\u00e1ny\u0151rz\u00e9s sz\u00e1nd\u00e9k\u00e1val varrattam zsin\u00f3rral, \u00e9s b\u00fcszk\u00e9n viseltem p\u00e1rt\u00e1t a<br>fejemen ahogy \u0151seink is tett\u00e9k. Akkor m\u00e9g nem is gondoltam hogy ezek a v\u00e9kony,<br>finom zsin\u00f3rok \u00e9s a k\u00fcl\u00f6nlegesebbn\u00e9l k\u00fcl\u00f6nlegesebb k\u00f6vek kompoz\u00edci\u00f3ja<br>ennyire a b\u0171v\u00f6letbe tud majd egyszer ejteni.<\/p>\n\n\n\n<p class=\"has-text-align-center\"><br>Nem sokkal k\u00e9s\u0151bb, egy hideg t\u00e9li est\u00e9n, kedvenc forr\u00f3csokim mellett megl\u00e1ttam az<br>els\u0151 k\u00e9peket a sujt\u00e1s \u00e9kszerekr\u0151l. \u2018\u00d3 ezt kipr\u00f3b\u00e1lom!\u2019.<br>Els\u0151 munk\u00e1mat \u2013 melyet ma is f\u00e9ltve veszek k\u00e9zbe \u2013 gy\u00f6ny\u00f6r\u0171, csillog\u00f3 k\u00e9kszem\u0171<br>kisl\u00e1nyomnak k\u00e9sz\u00edtettem. Persze ekkor m\u00e9g fogalmam sem volt, hogyan lesz<br>olyan prec\u00edz, szinte k\u00f6vethetetlen \u00e9s t\u00f6k\u00e9letes egy-egy darab. Mostani szemmel<br>n\u00e9zve, ez a kicsiny hajp\u00e1nt ink\u00e1bb egy gyermeki k\u00e9z alkot\u00e1sa \u2013 de h\u00e1t akkor ott<br>\u00e9n is az voltam, tud\u00e1s \u00e9s tapasztal\u00e1s hi\u00e1ny\u00e1ban. B\u00fajtam az oldalakat, kerestem a<br>lehetetlent \u2013 hogyan tudom \u00e9n is megalkotni amit a lelkemben m\u00e1r l\u00e1ttam, most<br>nem adhattam fel. Rengeteg pr\u00f3b\u00e1lkoz\u00e1s ut\u00e1n, sok m\u00e9ter zsin\u00f3r, sz\u00e1mos krist\u00e1ly<br>\u00e9s t\u00f6bb gramm gy\u00f6nggyel k\u00e9s\u0151bb, ma m\u00e1r b\u00fcszk\u00e9n mutatom alkot\u00e1saimat, \u00e9s<br>tudom, megtal\u00e1ltam a nagybet\u0171s technik\u00e1t, nekem \u0151t sz\u00e1nta a sors.<\/p>\n\n\n\n<p class=\"has-text-align-center\"><br>Mi inspir\u00e1l? \u2013 Minden, de amit a legjobban szeretek \u2013 az emberek. Minden<br>darabot szem\u00e9lyre szabottan tervezek, archoz, sz\u00ednekhez \u2013 l\u00e9lekhez.<\/p>\n<\/div>\n<\/div>\n\n\n\n<h2 class=\"wp-block-heading\">K\u00e9rd\u00e9sed van? \u00cdrj nekem&#8230;<\/h2>\n\n\n<div class=\"forminator-ui forminator-custom-form forminator-custom-form-68 forminator-design--flat  forminator_ajax\" data-forminator-render=\"0\" data-form=\"forminator-module-68\" data-uid=\"69e32b66eec45\"><br\/><\/div><form\n\t\t\t\tid=\"forminator-module-68\"\n\t\t\t\tclass=\"forminator-ui forminator-custom-form forminator-custom-form-68 forminator-design--flat  forminator_ajax\"\n\t\t\t\tmethod=\"post\"\n\t\t\t\tdata-forminator-render=\"0\"\n\t\t\t\tdata-form-id=\"68\"\n\t\t\t\t data-color-option=\"default\" data-design=\"flat\" data-grid=\"open\" style=\"display: none;\"\n\t\t\t\tdata-uid=\"69e32b66eec45\" action=\"\"\n\t\t\t><div role=\"alert\" aria-live=\"polite\" class=\"forminator-response-message forminator-error\" aria-hidden=\"true\"><\/div><div class=\"forminator-row\"><div id=\"name-1\" class=\"forminator-field-name forminator-col forminator-col-12\"><div class=\"forminator-field\"><label for=\"forminator-field-name-1_69e32b66eec45\" id=\"forminator-field-name-1_69e32b66eec45-label\" class=\"forminator-label\">Name <span class=\"forminator-required\">*<\/span><\/label><input type=\"text\" name=\"name-1\" value=\"\" placeholder=\"Teljes Nevem\" id=\"forminator-field-name-1_69e32b66eec45\" class=\"forminator-input forminator-name--field\" aria-required=\"true\" autocomplete=\"name\" \/><\/div><\/div><\/div><div class=\"forminator-row\"><div id=\"email-1\" class=\"forminator-field-email forminator-col forminator-col-12\"><div class=\"forminator-field\"><label for=\"forminator-field-email-1_69e32b66eec45\" id=\"forminator-field-email-1_69e32b66eec45-label\" class=\"forminator-label\">E-mail address <span class=\"forminator-required\">*<\/span><\/label><input type=\"email\" name=\"email-1\" value=\"\" placeholder=\"email@email.com\" id=\"forminator-field-email-1_69e32b66eec45\" class=\"forminator-input forminator-email--field\" data-required=\"1\" aria-required=\"true\" autocomplete=\"email\" \/><\/div><\/div><\/div><div class=\"forminator-row\"><div id=\"phone-1\" class=\"forminator-field-phone forminator-col forminator-col-12\"><div class=\"forminator-field\"><label for=\"forminator-field-phone-1_69e32b66eec45\" id=\"forminator-field-phone-1_69e32b66eec45-label\" class=\"forminator-label\">Phone number<\/label><input type=\"text\" name=\"phone-1\" value=\"\" placeholder=\"\" id=\"forminator-field-phone-1_69e32b66eec45\" class=\"forminator-input forminator-field--phone\" data-required=\"\" aria-required=\"false\" autocomplete=\"off\" \/><\/div><\/div><\/div><div class=\"forminator-row\"><div id=\"textarea-1\" class=\"forminator-field-textarea forminator-col forminator-col-12\"><div class=\"forminator-field\"><label for=\"forminator-field-textarea-1_69e32b66eec45\" id=\"forminator-field-textarea-1_69e32b66eec45-label\" class=\"forminator-label\">Message <span class=\"forminator-required\">*<\/span><\/label><textarea name=\"textarea-1\" placeholder=\"\" id=\"forminator-field-textarea-1_69e32b66eec45\" class=\"forminator-textarea\" rows=\"6\" style=\"min-height:140px;\" maxlength=\"180\" ><\/textarea><span id=\"forminator-field-textarea-1_69e32b66eec45-description\" class=\"forminator-description\"><span data-limit=\"180\" data-type=\"characters\" data-editor=\"\">0 \/ 180<\/span><\/span><\/div><\/div><\/div><div class=\"forminator-row\"><div id=\"captcha-1\" class=\"forminator-field-captcha forminator-col forminator-col-12\"><div class=\"forminator-captcha-left forminator-g-recaptcha\" data-theme=\"light\"  data-sitekey=\"6LcFJMkpAAAAALCMuw-z3sGUCG5WBW3f-qhlLxWV\" data-size=\"normal\"><\/div> <\/div><\/div><input type=\"hidden\" name=\"referer_url\" value=\"\" \/><div class=\"forminator-row forminator-row-last\"><div class=\"forminator-col\"><div class=\"forminator-field\"><button class=\"forminator-button forminator-button-submit\">Submit<\/button><\/div><\/div><\/div><input type=\"hidden\" id=\"forminator_nonce\" name=\"forminator_nonce\" value=\"1425645a7d\" \/><input type=\"hidden\" name=\"_wp_http_referer\" value=\"\/en\/wp-json\/wp\/v2\/pages\/20\" \/><input type=\"hidden\" name=\"form_id\" value=\"68\"><input type=\"hidden\" name=\"page_id\" value=\"20\"><input type=\"hidden\" name=\"form_type\" value=\"default\"><input type=\"hidden\" name=\"current_url\" value=\"https:\/\/spsujtas.hu\/en\/rolam\/\"><input type=\"hidden\" name=\"render_id\" value=\"0\"><input type=\"hidden\" name=\"action\" value=\"forminator_submit_form_custom-forms\"><label for=\"input_5\" class=\"forminator-hidden\" aria-hidden=\"true\">Please do not fill in this field. <input id=\"input_5\" type=\"text\" name=\"input_5\" value=\"\" autocomplete=\"off\"><\/label><input type=\"hidden\" name=\"trp-form-language\" value=\"en\"\/><\/form>","protected":false},"excerpt":{"rendered":"<p>P\u00e1lh\u00e1zy-Nagy Zsuzsa vagyok, a Suzy Palhazy Soutache meg\u00e1lmod\u00f3ja. Szerettem\u00e9s szeretem a kreat\u00edv tev\u00e9kenys\u00e9geket, de kerestem az \u00c9N utat, ahol szabadj\u00e1raengedhettem a legmer\u00e9szebb v\u00e1gyaimat a form\u00e1k \u00e9s sz\u00ednek ter\u00e9n.Term\u00e9szetesen erre szinte minden k\u00e9zm\u0171ves \u00e1gban van lehet\u0151s\u00e9g, de tudtamhogy meg fogom tal\u00e1lni a nagybet\u0171s technik\u00e1t. 2 kisgyermek ut\u00e1n \u2013 ami sokszorm\u00e1r mag\u00e1ban is versenyfut\u00e1s az id\u0151vel &#8211;&#8230;<\/p>","protected":false},"author":3,"featured_media":0,"parent":0,"menu_order":0,"comment_status":"closed","ping_status":"closed","template":"","meta":{"_kad_post_transparent":"","_kad_post_title":"","_kad_post_layout":"","_kad_post_sidebar_id":"","_kad_post_content_style":"","_kad_post_vertical_padding":"","_kad_post_feature":"","_kad_post_feature_position":"","_kad_post_header":false,"_kad_post_footer":false,"footnotes":""},"class_list":["post-20","page","type-page","status-publish","hentry"],"_links":{"self":[{"href":"https:\/\/spsujtas.hu\/en\/wp-json\/wp\/v2\/pages\/20","targetHints":{"allow":["GET"]}}],"collection":[{"href":"https:\/\/spsujtas.hu\/en\/wp-json\/wp\/v2\/pages"}],"about":[{"href":"https:\/\/spsujtas.hu\/en\/wp-json\/wp\/v2\/types\/page"}],"author":[{"embeddable":true,"href":"https:\/\/spsujtas.hu\/en\/wp-json\/wp\/v2\/users\/3"}],"replies":[{"embeddable":true,"href":"https:\/\/spsujtas.hu\/en\/wp-json\/wp\/v2\/comments?post=20"}],"version-history":[{"count":15,"href":"https:\/\/spsujtas.hu\/en\/wp-json\/wp\/v2\/pages\/20\/revisions"}],"predecessor-version":[{"id":354,"href":"https:\/\/spsujtas.hu\/en\/wp-json\/wp\/v2\/pages\/20\/revisions\/354"}],"wp:attachment":[{"href":"https:\/\/spsujtas.hu\/en\/wp-json\/wp\/v2\/media?parent=20"}],"curies":[{"name":"wp","href":"https:\/\/api.w.org\/{rel}","templated":true}]}}