{"id":13,"date":"2024-01-26T20:58:05","date_gmt":"2024-01-26T19:58:05","guid":{"rendered":"https:\/\/spsujtas.hu\/?page_id=13"},"modified":"2024-09-07T22:12:09","modified_gmt":"2024-09-07T20:12:09","slug":"fooldal","status":"publish","type":"page","link":"https:\/\/spsujtas.hu\/en\/","title":{"rendered":"Home"},"content":{"rendered":"<div class=\"wp-block-cover alignfull animated fadeInLeft\"><span aria-hidden=\"true\" class=\"wp-block-cover__background has-background-dim\"><\/span><img loading=\"lazy\" decoding=\"async\" width=\"1024\" height=\"680\" class=\"wp-block-cover__image-background wp-image-156\" alt=\"\" src=\"https:\/\/spsujtas.hu\/wp-content\/uploads\/2024\/03\/DSC_6087-1024x680.jpg\" data-object-fit=\"cover\" srcset=\"https:\/\/spsujtas.hu\/wp-content\/uploads\/2024\/03\/DSC_6087-1024x680.jpg 1024w, https:\/\/spsujtas.hu\/wp-content\/uploads\/2024\/03\/DSC_6087-300x199.jpg 300w, https:\/\/spsujtas.hu\/wp-content\/uploads\/2024\/03\/DSC_6087-768x510.jpg 768w, https:\/\/spsujtas.hu\/wp-content\/uploads\/2024\/03\/DSC_6087-1536x1020.jpg 1536w, https:\/\/spsujtas.hu\/wp-content\/uploads\/2024\/03\/DSC_6087-2048x1360.jpg 2048w\" sizes=\"auto, (max-width: 1024px) 100vw, 1024px\" \/><div class=\"wp-block-cover__inner-container is-layout-flow wp-block-cover-is-layout-flow\">\n<h2 class=\"wp-block-heading\">Suzy Palhazy Sujt\u00e1s \u00c9kszerek<\/h2>\n\n\n\n<p>Egyedis\u00e9g a N\u0151iess\u00e9g jegy\u00e9ben<\/p>\n<\/div><\/div>\n\n\n\n<div class=\"wp-block-buttons is-content-justification-center is-layout-flex wp-container-core-buttons-is-layout-16018d1d wp-block-buttons-is-layout-flex\">\n<div class=\"wp-block-button\"><a class=\"wp-block-button__link wp-element-button\" href=\"https:\/\/spsujtas.hu\/en\/?page_id=20\">About me<\/a><\/div>\n<\/div>\n\n\n\n<div class=\"wp-block-group animated fadeInUp\"><div class=\"wp-block-group__inner-container is-layout-constrained wp-block-group-is-layout-constrained\">\n<div class=\"wp-block-columns is-layout-flex wp-container-core-columns-is-layout-9d6595d7 wp-block-columns-is-layout-flex\">\n<div class=\"wp-block-column is-layout-flow wp-block-column-is-layout-flow\"><\/div>\n<\/div>\n<\/div><\/div>\n\n\n\n<div class=\"wp-block-group animated fadeInRight\"><div class=\"wp-block-group__inner-container is-layout-constrained wp-block-group-is-layout-constrained\">\n<div class=\"wp-block-columns are-vertically-aligned-center is-layout-flex wp-container-core-columns-is-layout-9d6595d7 wp-block-columns-is-layout-flex\">\n<div class=\"wp-block-column is-vertically-aligned-center is-layout-flow wp-block-column-is-layout-flow\">\n<p>P\u00e1lh\u00e1zy-Nagy Zsuzsa vagyok, a Suzy Palhazy Sujt\u00e1s&nbsp;meg\u00e1lmod\u00f3ja. Kor\u00e1bban is szerettem a kreat\u00edv tev\u00e9kenys\u00e9geket,&nbsp;&nbsp;de kerestem az&nbsp;\u00c9N utat, ahol szabadj\u00e1ra engedhettem a legmer\u00e9szebb v\u00e1gyaimat a form\u00e1k&nbsp;\u00e9s sz\u00ednek ter\u00e9n.&nbsp;<\/p>\n\n\n\n<p>K\u00e9t kisgyermekem van ami&nbsp;\u00f6nmag\u00e1ban is versenyfut\u00e1s az id\u0151vel, ez\u00e9rt igazi&nbsp;\u00f6r\u00f6m\u00f6t jelentett egy-egy este, amikor siker\u00fclt le\u00fclni horgolni, varrni vagy csak inspir\u00e1l\u00f3dni.&nbsp;<\/p>\n\n\n\n<p>Egy ilyen kandall\u00f3&nbsp;f\u0171t\u00f6tte, hideg t\u00e9li est\u00e9n tal\u00e1lkoztam a sujt\u00e1s technik\u00e1val.&nbsp;<\/p>\n\n\n\n<p>\u201c\u00d3&nbsp;ezt kipr\u00f3b\u00e1lom!\u201d, gondoltam&nbsp;\u00e9s alapos felk\u00e9sz\u00fcl\u00e9s ut\u00e1n elk\u00e9sz\u00edtettem els\u0151&nbsp;munk\u00e1mat, melyet ma is f\u00e9ltve&nbsp;\u0151rz\u00f6k, mert gy\u00f6ny\u00f6r\u0171, csillog\u00f3&nbsp;k\u00e9kszem\u0171&nbsp;kisl\u00e1nyomnak k\u00e9sz\u00edtettem.<\/p>\n<\/div>\n\n\n\n<div class=\"wp-block-column is-vertically-aligned-center is-layout-flow wp-block-column-is-layout-flow\"><div class=\"wp-block-image\">\n<figure class=\"aligncenter size-large\"><img loading=\"lazy\" decoding=\"async\" width=\"768\" height=\"1024\" src=\"https:\/\/spsujtas.hu\/wp-content\/uploads\/2024\/09\/spsujtas_rolam-768x1024.jpeg\" alt=\"\" class=\"wp-image-352\" srcset=\"https:\/\/spsujtas.hu\/wp-content\/uploads\/2024\/09\/spsujtas_rolam-768x1024.jpeg 768w, https:\/\/spsujtas.hu\/wp-content\/uploads\/2024\/09\/spsujtas_rolam-225x300.jpeg 225w, https:\/\/spsujtas.hu\/wp-content\/uploads\/2024\/09\/spsujtas_rolam-1152x1536.jpeg 1152w, https:\/\/spsujtas.hu\/wp-content\/uploads\/2024\/09\/spsujtas_rolam-1536x2048.jpeg 1536w, https:\/\/spsujtas.hu\/wp-content\/uploads\/2024\/09\/spsujtas_rolam-9x12.jpeg 9w, https:\/\/spsujtas.hu\/wp-content\/uploads\/2024\/09\/spsujtas_rolam-scaled.jpeg 1920w\" sizes=\"auto, (max-width: 768px) 100vw, 768px\" \/><\/figure>\n<\/div><\/div>\n<\/div>\n\n\n\n<h2 class=\"wp-block-heading has-text-align-center\">Egyedi \u00e9kszerre v\u00e1gysz vagy aj\u00e1nd\u00e9kozni szeretn\u00e9l? V\u00e1lassz SPS Aj\u00e1nd\u00e9kutalv\u00e1nyt!<\/h2>\n\n\n\n<div class=\"wp-block-buttons is-content-justification-center is-layout-flex wp-container-core-buttons-is-layout-16018d1d wp-block-buttons-is-layout-flex\">\n<div class=\"wp-block-button\"><a class=\"wp-block-button__link wp-element-button\" href=\"https:\/\/spsujtas.hu\/en\/?page_id=22\">Portfolio<\/a><\/div>\n<\/div>\n<\/div><\/div>\n\n\n\n<h3 class=\"wp-block-heading has-text-align-center\">Magyar K\u00e9zm\u0171ves Remek 2023<\/h3>\n\n\n\n<div class=\"wp-block-group alignwide is-content-justification-center is-nowrap is-layout-flex wp-container-core-group-is-layout-94bc23d7 wp-block-group-is-layout-flex\"><div class=\"wp-block-image is-style-rounded\">\n<figure class=\"aligncenter size-large\"><img loading=\"lazy\" decoding=\"async\" width=\"768\" height=\"1024\" src=\"https:\/\/spsujtas.hu\/wp-content\/uploads\/2024\/04\/zsuzsi-768x1024.jpg\" alt=\"\" class=\"wp-image-178\" srcset=\"https:\/\/spsujtas.hu\/wp-content\/uploads\/2024\/04\/zsuzsi-768x1024.jpg 768w, https:\/\/spsujtas.hu\/wp-content\/uploads\/2024\/04\/zsuzsi-225x300.jpg 225w, https:\/\/spsujtas.hu\/wp-content\/uploads\/2024\/04\/zsuzsi.jpg 1080w\" sizes=\"auto, (max-width: 768px) 100vw, 768px\" \/><\/figure>\n<\/div><\/div>\n\n\n\n<h2 class=\"wp-block-heading\">\u00c9kszereimr\u0151l mondt\u00e1k&#8230;<\/h2>\n\n\n\n<blockquote class=\"wp-block-quote is-layout-flow wp-block-quote-is-layout-flow\">\n<p>A sujt\u00e1s \u00e9kszerek k\u00e9sz\u00edt\u00e9se napjainkban rendk\u00edv\u00fcl ritka. Apr\u00f3l\u00e9kos folyamat, mely teret ad a kreativit\u00e1snak a sz\u00ednek \u00e9s a form\u00e1k vil\u00e1g\u00e1ban. Napjainkban az \u00e9kszer szinte elengedhetetlen a n\u0151k ig\u00e9nyes megjelen\u00e9s\u00e9hez. Zsuzsa \u00e9kszereinek egyedis\u00e9ge teszi ezeket az \u00e9kszereket visel\u0151je sz\u00e1m\u00e1ra vonz\u00f3v\u00e1. Ig\u00e9nyess\u00e9ge, pontoss\u00e1ga, fant\u00e1zi\u00e1ja, elhivatotts\u00e1ga m\u0171v\u00e9szi szintre emeli munk\u00e1j\u00e1t.<br>P\u00e1sztor \u00c9va<br><small>Aranym\u0171ves<\/small><\/p>\n<\/blockquote>\n\n\n\n<blockquote class=\"wp-block-quote is-layout-flow wp-block-quote-is-layout-flow\">\n<p>Zsuzsa igaz\u00e1n kreat\u00edv, \u00fcgyes, inspirat\u00edv szem\u00e9ly. A munk\u00e1i apr\u00f3l\u00e9kosan kidolgozott, igazan egyedi munk\u00e1k. Minden term\u00e9ke k\u00fcl\u00f6nleges \u00e9s megism\u00e9telhetetlen. Szem\u00e9lyre szabottan k\u00e9sz\u00edti csod\u00e1s \u00e9kszereit. \u00cdgy gondos, prec\u00edz rajzokat k\u00e9sz\u00edt a megrendel\u0151inek, melyek alapj\u00e1n a megrendel\u0151vel val\u00f3 egyeztet\u00e9s ut\u00e1n k\u00e9sz\u00edti el az \u00e9kszereket.<br>Balogh Adry<br><small>Ruhatervez\u0151, Adry Couture<\/small><\/p>\n<\/blockquote>\n\n\n\n<h2 class=\"wp-block-heading\">Vedd fel velem a kapcsolatot&#8230;<\/h2>\n\n\n<div class=\"forminator-ui forminator-custom-form forminator-custom-form-68 forminator-design--flat  forminator_ajax\" data-forminator-render=\"0\" data-form=\"forminator-module-68\" data-uid=\"69e2f80a516b5\"><br\/><\/div><form\n\t\t\t\tid=\"forminator-module-68\"\n\t\t\t\tclass=\"forminator-ui forminator-custom-form forminator-custom-form-68 forminator-design--flat  forminator_ajax\"\n\t\t\t\tmethod=\"post\"\n\t\t\t\tdata-forminator-render=\"0\"\n\t\t\t\tdata-form-id=\"68\"\n\t\t\t\t data-color-option=\"default\" data-design=\"flat\" data-grid=\"open\" style=\"display: none;\"\n\t\t\t\tdata-uid=\"69e2f80a516b5\" action=\"\"\n\t\t\t><div role=\"alert\" aria-live=\"polite\" class=\"forminator-response-message forminator-error\" aria-hidden=\"true\"><\/div><div class=\"forminator-row\"><div id=\"name-1\" class=\"forminator-field-name forminator-col forminator-col-12\"><div class=\"forminator-field\"><label for=\"forminator-field-name-1_69e2f80a516b5\" id=\"forminator-field-name-1_69e2f80a516b5-label\" class=\"forminator-label\">Name <span class=\"forminator-required\">*<\/span><\/label><input type=\"text\" name=\"name-1\" value=\"\" placeholder=\"Teljes Nevem\" id=\"forminator-field-name-1_69e2f80a516b5\" class=\"forminator-input forminator-name--field\" aria-required=\"true\" autocomplete=\"name\" \/><\/div><\/div><\/div><div class=\"forminator-row\"><div id=\"email-1\" class=\"forminator-field-email forminator-col forminator-col-12\"><div class=\"forminator-field\"><label for=\"forminator-field-email-1_69e2f80a516b5\" id=\"forminator-field-email-1_69e2f80a516b5-label\" class=\"forminator-label\">E-mail address <span class=\"forminator-required\">*<\/span><\/label><input type=\"email\" name=\"email-1\" value=\"\" placeholder=\"email@email.com\" id=\"forminator-field-email-1_69e2f80a516b5\" class=\"forminator-input forminator-email--field\" data-required=\"1\" aria-required=\"true\" autocomplete=\"email\" \/><\/div><\/div><\/div><div class=\"forminator-row\"><div id=\"phone-1\" class=\"forminator-field-phone forminator-col forminator-col-12\"><div class=\"forminator-field\"><label for=\"forminator-field-phone-1_69e2f80a516b5\" id=\"forminator-field-phone-1_69e2f80a516b5-label\" class=\"forminator-label\">Phone number<\/label><input type=\"text\" name=\"phone-1\" value=\"\" placeholder=\"\" id=\"forminator-field-phone-1_69e2f80a516b5\" class=\"forminator-input forminator-field--phone\" data-required=\"\" aria-required=\"false\" autocomplete=\"off\" \/><\/div><\/div><\/div><div class=\"forminator-row\"><div id=\"textarea-1\" class=\"forminator-field-textarea forminator-col forminator-col-12\"><div class=\"forminator-field\"><label for=\"forminator-field-textarea-1_69e2f80a516b5\" id=\"forminator-field-textarea-1_69e2f80a516b5-label\" class=\"forminator-label\">Message <span class=\"forminator-required\">*<\/span><\/label><textarea name=\"textarea-1\" placeholder=\"\" id=\"forminator-field-textarea-1_69e2f80a516b5\" class=\"forminator-textarea\" rows=\"6\" style=\"min-height:140px;\" maxlength=\"180\" ><\/textarea><span id=\"forminator-field-textarea-1_69e2f80a516b5-description\" class=\"forminator-description\"><span data-limit=\"180\" data-type=\"characters\" data-editor=\"\">0 \/ 180<\/span><\/span><\/div><\/div><\/div><div class=\"forminator-row\"><div id=\"captcha-1\" class=\"forminator-field-captcha forminator-col forminator-col-12\"><div class=\"forminator-captcha-left forminator-g-recaptcha\" data-theme=\"light\"  data-sitekey=\"6LcFJMkpAAAAALCMuw-z3sGUCG5WBW3f-qhlLxWV\" data-size=\"normal\"><\/div> <\/div><\/div><input type=\"hidden\" name=\"referer_url\" value=\"\" \/><div class=\"forminator-row forminator-row-last\"><div class=\"forminator-col\"><div class=\"forminator-field\"><button class=\"forminator-button forminator-button-submit\">Submit<\/button><\/div><\/div><\/div><input type=\"hidden\" id=\"forminator_nonce\" name=\"forminator_nonce\" value=\"1425645a7d\" \/><input type=\"hidden\" name=\"_wp_http_referer\" value=\"\/en\/wp-json\/wp\/v2\/pages\/13\" \/><input type=\"hidden\" name=\"form_id\" value=\"68\"><input type=\"hidden\" name=\"page_id\" value=\"13\"><input type=\"hidden\" name=\"form_type\" value=\"default\"><input type=\"hidden\" name=\"current_url\" value=\"https:\/\/spsujtas.hu\/en\/\"><input type=\"hidden\" name=\"render_id\" value=\"0\"><input type=\"hidden\" name=\"action\" value=\"forminator_submit_form_custom-forms\"><label for=\"input_5\" class=\"forminator-hidden\" aria-hidden=\"true\">Please do not fill in this field. <input id=\"input_5\" type=\"text\" name=\"input_5\" value=\"\" autocomplete=\"off\"><\/label><input type=\"hidden\" name=\"trp-form-language\" value=\"en\"\/><\/form>","protected":false},"excerpt":{"rendered":"<p>P\u00e1lh\u00e1zy-Nagy Zsuzsa vagyok, a Suzy Palhazy Sujt\u00e1s&nbsp;meg\u00e1lmod\u00f3ja. Kor\u00e1bban is szerettem a kreat\u00edv tev\u00e9kenys\u00e9geket,&nbsp;&nbsp;de kerestem az&nbsp;\u00c9N utat, ahol szabadj\u00e1ra engedhettem a legmer\u00e9szebb v\u00e1gyaimat a form\u00e1k&nbsp;\u00e9s sz\u00ednek ter\u00e9n.&nbsp; K\u00e9t kisgyermekem van ami&nbsp;\u00f6nmag\u00e1ban is versenyfut\u00e1s az id\u0151vel, ez\u00e9rt igazi&nbsp;\u00f6r\u00f6m\u00f6t jelentett egy-egy este, amikor siker\u00fclt le\u00fclni horgolni, varrni vagy csak inspir\u00e1l\u00f3dni.&nbsp; Egy ilyen kandall\u00f3&nbsp;f\u0171t\u00f6tte, hideg t\u00e9li est\u00e9n tal\u00e1lkoztam a&#8230;<\/p>","protected":false},"author":1,"featured_media":156,"parent":0,"menu_order":0,"comment_status":"closed","ping_status":"closed","template":"","meta":{"_kad_post_transparent":"","_kad_post_title":"","_kad_post_layout":"","_kad_post_sidebar_id":"","_kad_post_content_style":"","_kad_post_vertical_padding":"","_kad_post_feature":"","_kad_post_feature_position":"","_kad_post_header":false,"_kad_post_footer":false,"footnotes":""},"class_list":["post-13","page","type-page","status-publish","has-post-thumbnail","hentry"],"_links":{"self":[{"href":"https:\/\/spsujtas.hu\/en\/wp-json\/wp\/v2\/pages\/13","targetHints":{"allow":["GET"]}}],"collection":[{"href":"https:\/\/spsujtas.hu\/en\/wp-json\/wp\/v2\/pages"}],"about":[{"href":"https:\/\/spsujtas.hu\/en\/wp-json\/wp\/v2\/types\/page"}],"author":[{"embeddable":true,"href":"https:\/\/spsujtas.hu\/en\/wp-json\/wp\/v2\/users\/1"}],"replies":[{"embeddable":true,"href":"https:\/\/spsujtas.hu\/en\/wp-json\/wp\/v2\/comments?post=13"}],"version-history":[{"count":19,"href":"https:\/\/spsujtas.hu\/en\/wp-json\/wp\/v2\/pages\/13\/revisions"}],"predecessor-version":[{"id":406,"href":"https:\/\/spsujtas.hu\/en\/wp-json\/wp\/v2\/pages\/13\/revisions\/406"}],"wp:featuredmedia":[{"embeddable":true,"href":"https:\/\/spsujtas.hu\/en\/wp-json\/wp\/v2\/media\/156"}],"wp:attachment":[{"href":"https:\/\/spsujtas.hu\/en\/wp-json\/wp\/v2\/media?parent=13"}],"curies":[{"name":"wp","href":"https:\/\/api.w.org\/{rel}","templated":true}]}}